{"id":759,"date":"2022-02-22T09:35:17","date_gmt":"2022-02-22T08:35:17","guid":{"rendered":"https:\/\/panavan.fr\/mentions-legales\/"},"modified":"2022-03-09T10:07:55","modified_gmt":"2022-03-09T09:07:55","slug":"legal-information","status":"publish","type":"page","link":"https:\/\/panavan.fr\/en\/mentions-legales\/","title":{"rendered":"Legal information"},"content":{"rendered":"\n\n[et_pb_section fb_built=\u00a0\u00bb1&Prime; _builder_version=\u00a0\u00bb4.14.8&Prime; hover_enabled=\u00a0\u00bb0&Prime; global_colors_info=\u00a0\u00bb{}\u00a0\u00bb custom_margin=\u00a0\u00bb0px|0px|0px|0px|false|false\u00a0\u00bb custom_padding=\u00a0\u00bb0px|0px|0px|0px|false|false\u00a0\u00bb sticky_enabled=\u00a0\u00bb0&Prime;][et_pb_row _builder_version=\u00a0\u00bb3.25&Prime; background_size=\u00a0\u00bbinitial\u00a0\u00bb background_position=\u00a0\u00bbtop_left\u00a0\u00bb background_repeat=\u00a0\u00bbrepeat\u00a0\u00bb global_colors_info=\u00a0\u00bb{}\u00a0\u00bb][et_pb_column type=\u00a0\u00bb4_4&Prime; _builder_version=\u00a0\u00bb3.25&Prime; custom_padding=\u00a0\u00bb|||\u00a0\u00bb global_colors_info=\u00a0\u00bb{}\u00a0\u00bb custom_padding__hover=\u00a0\u00bb|||\u00a0\u00bb][et_pb_text _builder_version=\u00a0\u00bb3.27.4&Prime; background_size=\u00a0\u00bbinitial\u00a0\u00bb background_position=\u00a0\u00bbtop_left\u00a0\u00bb background_repeat=\u00a0\u00bbrepeat\u00a0\u00bb global_colors_info=\u00a0\u00bb{}\u00a0\u00bb]<p>Conform\u00e9ment aux dispositions des Articles 6-III et 19 de la Loi n\u00b02004-575 du 21 juin 2004 pour la Confiance dans l\u2019\u00e9conomie num\u00e9rique, dite L.C.E.N., il est port\u00e9 \u00e0 la connaissance des utilisateurs et visiteurs du site CLIENT les pr\u00e9sentes mentions l\u00e9gales.<\/p>\n<p>Le site CLIENT est accessible \u00e0 l\u2019adresse suivante : WEBSITE (ci-apr\u00e8s \u00ab le Site \u00bb). L\u2019acc\u00e8s et l\u2019utilisation du Site sont soumis aux pr\u00e9sentes \u00ab&nbsp; Mentions l\u00e9gales \u00bb d\u00e9taill\u00e9es ci-apr\u00e8s ainsi qu\u2019aux lois et\/ou r\u00e8glements applicables.<\/p>\n<p>La connexion, l\u2019utilisation et l\u2019acc\u00e8s \u00e0 ce Site impliquent l\u2019acceptation int\u00e9grale et sans r\u00e9serve de l\u2019internaute de toutes les dispositions des pr\u00e9sentes Mentions L\u00e9gales.<\/p>\n<h2>ARTICLE 1 \u2013 INFORMATIONS L\u00c9GALES<\/h2>\n<p>En vertu de l\u2019Article 6 de la Loi n\u00b0 2004-575 du 21 juin 2004 pour la confiance dans l\u2019\u00e9conomie num\u00e9rique, il est pr\u00e9cis\u00e9 dans cet article l\u2019identit\u00e9 des diff\u00e9rents intervenants dans le cadre de sa r\u00e9alisation et de son suivi.<\/p>\n<h3>A. \u00c9diteur du site<\/h3>\n<p>Le site CLIENT est \u00e9dit\u00e9 par : CLIENT , ayant son si\u00e8ge social \u00e0 l\u2019adresse suivante : OFFICE, et immatricul\u00e9e au RCS de VILLERCS sous le num\u00e9ro SIRET suivant : NUMSIRET<\/p>\n<p>T\u00e9l\u00e9phone : &nbsp;PHONE<\/p>\n<p>Adresse e-mail : EMAIL<\/p>\n<p>ci-apr\u00e8s \u00ab&nbsp; l\u2019\u00c9diteur \u00bb<\/p>\n<h3>B. Directeur de publication<\/h3>\n<p>Le Directeur de publication est :<\/p>\n<p>DIRPUBLI<\/p>\n<p>Adresse e-mail de contact : EMAIL<\/p>\n<p>ci-apr\u00e8s \u00bb le Directeur de publication \u00bb<\/p>\n<h3>C. H\u00e9bergeur du site<\/h3>\n<p>Web Studios via O2 SWITCH<\/p>\n<p>dont le si\u00e8ge est situ\u00e9 \u00e0 l\u2019adresse suivante : 222 Boulevard Gustave Flaubert, 63000 Clermont-Ferrand<\/p>\n<p>T\u00e9l\u00e9phone : 04 44 44 60 40<\/p>\n<p>Adresse e-mail :&nbsp;support@o2switch.fr<\/p>\n<p>ci-apr\u00e8s \u00ab&nbsp; l\u2019H\u00e9bergeur \u00bb<\/p>\n<h3>D. Utilisateurs<\/h3>\n<p>Sont consid\u00e9r\u00e9s comme utilisateurs tous les internautes qui naviguent, lisent, visionnent et utilisent le site CLIENT.<\/p>\n<p>ci-apr\u00e8s les \u00ab&nbsp; Utilisateurs \u00bb<\/p>\n<h2>ARTICLE 2 \u2013 ACCESSIBILIT\u00c9<\/h2>\n<p>Le Site est par principe accessible aux Utilisateurs 24\/24h et 7\/7j, sauf interruption, programm\u00e9e ou non, pour des besoins de maintenance ou en cas de force majeure.<\/p>\n<p>En cas d\u2019impossibilit\u00e9 d\u2019acc\u00e8s au Site, celui-ci s\u2019engage \u00e0 faire son maximum afin d\u2019en r\u00e9tablir l\u2019acc\u00e8s. Le Site ne saurait \u00eatre tenu pour responsable de tout dommage, quelle qu\u2019en soit la nature, r\u00e9sultant de son indisponibilit\u00e9.<\/p>\n<h2>ARTICLE 3 \u2013 LOI APPLICABLE ET JURIDICTION<\/h2>\n<p>Les pr\u00e9sentes Mentions L\u00e9gales sont r\u00e9gies par la loi fran\u00e7aise. En cas de diff\u00e9rend et \u00e0 d\u00e9faut d\u2019accord amiable, le litige sera port\u00e9 devant les tribunaux fran\u00e7ais conform\u00e9ment aux r\u00e8gles de comp\u00e9tence en vigueur.<\/p>\n<h2>ARTICLE 4 \u2013 CONTACT<\/h2>\n<p>Pour tout signalement de contenus ou d\u2019activit\u00e9s illicites, l\u2019Utilisateur peut contacter l\u2019\u00c9diteur \u00e0 l\u2019adresse suivante : EMAIL, ou par courrier recommand\u00e9 avec accus\u00e9 de r\u00e9ception adress\u00e9 \u00e0 l\u2019\u00c9diteur aux coordonn\u00e9es pr\u00e9cis\u00e9es dans les pr\u00e9sentes mentions l\u00e9gales.<\/p>\n<p>Le site CLIENT vous souhaite une excellente navigation !<\/p>\n[\/et_pb_text][\/et_pb_column][\/et_pb_row][\/et_pb_section]\n\n","protected":false},"excerpt":{"rendered":"<p>Conform\u00e9ment aux dispositions des Articles 6-III et 19 de la Loi n\u00b02004-575 du 21 juin 2004 pour la Confiance dans l\u2019\u00e9conomie num\u00e9rique, dite L.C.E.N., il est port\u00e9 \u00e0 la connaissance des utilisateurs et visiteurs du site CLIENT les pr\u00e9sentes mentions l\u00e9gales. Le site CLIENT est accessible \u00e0 l\u2019adresse suivante : WEBSITE (ci-apr\u00e8s \u00ab le&#8230;<\/p>","protected":false},"author":1,"featured_media":0,"parent":0,"menu_order":0,"comment_status":"closed","ping_status":"closed","template":"legal-notices-and-policy.php","meta":{"_acf_changed":false,"_seopress_robots_primary_cat":"","_seopress_titles_title":"Mentions L\u00e9gales | PANAVAN.FR","_seopress_titles_desc":"Retrouvez toutes nos mentions l\u00e9gales, informations, accessibilit\u00e9s, loi applicable et juridiction, contact..","_seopress_robots_index":"","_et_pb_use_builder":"on","_et_pb_old_content":"Conform\u00e9ment aux dispositions des Articles 6-III et 19 de la Loi n\u00b02004-575 du 21 juin 2004 pour la Confiance dans l\u2019\u00e9conomie num\u00e9rique, dite L.C.E.N., il est port\u00e9 \u00e0 la connaissance des utilisateurs et visiteurs du site CLIENT les pr\u00e9sentes mentions l\u00e9gales.\n\nLe site CLIENT est accessible \u00e0 l\u2019adresse suivante : WEBSITE (ci-apr\u00e8s \u00ab le Site \u00bb). L\u2019acc\u00e8s et l\u2019utilisation du Site sont soumis aux pr\u00e9sentes \u00ab&nbsp; Mentions l\u00e9gales \u00bb d\u00e9taill\u00e9es ci-apr\u00e8s ainsi qu\u2019aux lois et\/ou r\u00e8glements applicables.\n\nLa connexion, l\u2019utilisation et l\u2019acc\u00e8s \u00e0 ce Site impliquent l\u2019acceptation int\u00e9grale et sans r\u00e9serve de l\u2019internaute de toutes les dispositions des pr\u00e9sentes Mentions L\u00e9gales.\n<h2>ARTICLE 1 \u2013 INFORMATIONS L\u00c9GALES<\/h2>\nEn vertu de l\u2019Article 6 de la Loi n\u00b0 2004-575 du 21 juin 2004 pour la confiance dans l\u2019\u00e9conomie num\u00e9rique, il est pr\u00e9cis\u00e9 dans cet article l\u2019identit\u00e9 des diff\u00e9rents intervenants dans le cadre de sa r\u00e9alisation et de son suivi.\n<h3>A. \u00c9diteur du site<\/h3>\nLe site CLIENT est \u00e9dit\u00e9 par : CLIENT , ayant son si\u00e8ge social \u00e0 l\u2019adresse suivante : OFFICE, et immatricul\u00e9e au RCS de VILLERCS sous le num\u00e9ro SIRET suivant : NUMSIRET\n\nT\u00e9l\u00e9phone : &nbsp;PHONE\n\nAdresse e-mail : EMAIL\n\nci-apr\u00e8s \u00ab&nbsp; l\u2019\u00c9diteur \u00bb\n<h3>B. Directeur de publication<\/h3>\nLe Directeur de publication est :\n\nDIRPUBLI\n\nAdresse e-mail de contact : EMAIL\n\nci-apr\u00e8s \u00bb le Directeur de publication \u00bb\n<h3>C. H\u00e9bergeur du site<\/h3>\nWeb Studios via O2 SWITCH\n\ndont le si\u00e8ge est situ\u00e9 \u00e0 l\u2019adresse suivante : 222 Boulevard Gustave Flaubert, 63000 Clermont-Ferrand\n\nT\u00e9l\u00e9phone : 04 44 44 60 40\n\nAdresse e-mail :&nbsp;support@o2switch.fr\n\nci-apr\u00e8s \u00ab&nbsp; l\u2019H\u00e9bergeur \u00bb\n<h3>D. Utilisateurs<\/h3>\nSont consid\u00e9r\u00e9s comme utilisateurs tous les internautes qui naviguent, lisent, visionnent et utilisent le site CLIENT.\n\nci-apr\u00e8s les \u00ab&nbsp; Utilisateurs \u00bb\n<h2>ARTICLE 2 \u2013 ACCESSIBILIT\u00c9<\/h2>\nLe Site est par principe accessible aux Utilisateurs 24\/24h et 7\/7j, sauf interruption, programm\u00e9e ou non, pour des besoins de maintenance ou en cas de force majeure.\n\nEn cas d\u2019impossibilit\u00e9 d\u2019acc\u00e8s au Site, celui-ci s\u2019engage \u00e0 faire son maximum afin d\u2019en r\u00e9tablir l\u2019acc\u00e8s. Le Site ne saurait \u00eatre tenu pour responsable de tout dommage, quelle qu\u2019en soit la nature, r\u00e9sultant de son indisponibilit\u00e9.\n<h2>ARTICLE 3 \u2013 LOI APPLICABLE ET JURIDICTION<\/h2>\nLes pr\u00e9sentes Mentions L\u00e9gales sont r\u00e9gies par la loi fran\u00e7aise. En cas de diff\u00e9rend et \u00e0 d\u00e9faut d\u2019accord amiable, le litige sera port\u00e9 devant les tribunaux fran\u00e7ais conform\u00e9ment aux r\u00e8gles de comp\u00e9tence en vigueur.\n<h2>ARTICLE 4 \u2013 CONTACT<\/h2>\nPour tout signalement de contenus ou d\u2019activit\u00e9s illicites, l\u2019Utilisateur peut contacter l\u2019\u00c9diteur \u00e0 l\u2019adresse suivante : EMAIL, ou par courrier recommand\u00e9 avec accus\u00e9 de r\u00e9ception adress\u00e9 \u00e0 l\u2019\u00c9diteur aux coordonn\u00e9es pr\u00e9cis\u00e9es dans les pr\u00e9sentes mentions l\u00e9gales.\n\nLe site CLIENT vous souhaite une excellente navigation !","_et_gb_content_width":"","footnotes":""},"class_list":{"0":"post-759","1":"page","2":"type-page","3":"status-publish","5":"infinite-scroll-item"},"acf":[],"_links":{"self":[{"href":"https:\/\/panavan.fr\/en\/wp-json\/wp\/v2\/pages\/759","targetHints":{"allow":["GET"]}}],"collection":[{"href":"https:\/\/panavan.fr\/en\/wp-json\/wp\/v2\/pages"}],"about":[{"href":"https:\/\/panavan.fr\/en\/wp-json\/wp\/v2\/types\/page"}],"author":[{"embeddable":true,"href":"https:\/\/panavan.fr\/en\/wp-json\/wp\/v2\/users\/1"}],"replies":[{"embeddable":true,"href":"https:\/\/panavan.fr\/en\/wp-json\/wp\/v2\/comments?post=759"}],"version-history":[{"count":3,"href":"https:\/\/panavan.fr\/en\/wp-json\/wp\/v2\/pages\/759\/revisions"}],"predecessor-version":[{"id":1116,"href":"https:\/\/panavan.fr\/en\/wp-json\/wp\/v2\/pages\/759\/revisions\/1116"}],"wp:attachment":[{"href":"https:\/\/panavan.fr\/en\/wp-json\/wp\/v2\/media?parent=759"}],"curies":[{"name":"wp","href":"https:\/\/api.w.org\/{rel}","templated":true}]}}